{"id":52,"date":"2022-08-30T09:58:29","date_gmt":"2022-08-30T07:58:29","guid":{"rendered":"http:\/\/www.bergnest-oetztal.at\/?page_id=52"},"modified":"2023-08-26T18:06:26","modified_gmt":"2023-08-26T16:06:26","slug":"host-2","status":"publish","type":"page","link":"https:\/\/www.bergnest-oetztal.at\/en\/the-nest\/host-2\/","title":{"rendered":"Gastgeber"},"content":{"rendered":"<div data-elementor-type=\"wp-page\" data-elementor-id=\"52\" class=\"elementor elementor-52\" data-elementor-post-type=\"page\">\n\t\t\t\t\t\t<section class=\"ob-is-breaking-bad elementor-section elementor-top-section elementor-element elementor-element-bb4ec8f elementor-section-height-min-height elementor-section-boxed elementor-section-height-default elementor-section-items-middle\" data-id=\"bb4ec8f\" data-element_type=\"section\" data-e-type=\"section\" data-settings=\"{&quot;background_background&quot;:&quot;classic&quot;,&quot;_ob_bbad_use_it&quot;:&quot;yes&quot;,&quot;_ob_bbad_sssic_use&quot;:&quot;no&quot;,&quot;_ob_glider_is_slider&quot;:&quot;no&quot;}\">\n\t\t\t\t\t\t<div class=\"elementor-container elementor-column-gap-no\">\n\t\t\t\t\t<div class=\"elementor-column elementor-col-100 elementor-top-column elementor-element elementor-element-8d5eea1\" data-id=\"8d5eea1\" data-element_type=\"column\" data-e-type=\"column\" data-settings=\"{&quot;_ob_bbad_is_stalker&quot;:&quot;no&quot;,&quot;_ob_teleporter_use&quot;:false,&quot;_ob_column_hoveranimator&quot;:&quot;no&quot;,&quot;_ob_column_has_pseudo&quot;:&quot;no&quot;}\">\n\t\t\t<div class=\"elementor-widget-wrap elementor-element-populated\">\n\t\t\t\t\t\t<div class=\"elementor-element elementor-element-fa28d19 ob-has-background-overlay elementor-widget elementor-widget-image\" data-id=\"fa28d19\" data-element_type=\"widget\" data-e-type=\"widget\" data-settings=\"{&quot;_ob_photomorph_use&quot;:&quot;no&quot;,&quot;_ob_perspektive_use&quot;:&quot;no&quot;,&quot;_ob_poopart_use&quot;:&quot;yes&quot;,&quot;_ob_shadough_use&quot;:&quot;no&quot;,&quot;_ob_allow_hoveranimator&quot;:&quot;no&quot;,&quot;_ob_widget_stalker_use&quot;:&quot;no&quot;}\" data-widget_type=\"image.default\">\n\t\t\t\t<div class=\"elementor-widget-container\">\n\t\t\t\t\t\t\t\t\t\t\t\t\t\t\t<img fetchpriority=\"high\" decoding=\"async\" width=\"2560\" height=\"1707\" src=\"https:\/\/www.bergnest-oetztal.at\/wp-content\/uploads\/2023\/08\/Familienfoto-1-scaled.jpg\" class=\"attachment-full size-full wp-image-1525\" alt=\"\" srcset=\"https:\/\/www.bergnest-oetztal.at\/wp-content\/uploads\/2023\/08\/Familienfoto-1-scaled.jpg 2560w, https:\/\/www.bergnest-oetztal.at\/wp-content\/uploads\/2023\/08\/Familienfoto-1-300x200.jpg 300w, https:\/\/www.bergnest-oetztal.at\/wp-content\/uploads\/2023\/08\/Familienfoto-1-1024x683.jpg 1024w, https:\/\/www.bergnest-oetztal.at\/wp-content\/uploads\/2023\/08\/Familienfoto-1-768x512.jpg 768w, https:\/\/www.bergnest-oetztal.at\/wp-content\/uploads\/2023\/08\/Familienfoto-1-1536x1024.jpg 1536w, https:\/\/www.bergnest-oetztal.at\/wp-content\/uploads\/2023\/08\/Familienfoto-1-2048x1365.jpg 2048w, https:\/\/www.bergnest-oetztal.at\/wp-content\/uploads\/2023\/08\/Familienfoto-1-18x12.jpg 18w\" sizes=\"(max-width: 2560px) 100vw, 2560px\" \/>\t\t\t\t\t\t\t\t\t\t\t\t\t\t\t<\/div>\n\t\t\t\t<\/div>\n\t\t\t\t\t<\/div>\n\t\t<\/div>\n\t\t\t\t\t<\/div>\n\t\t<\/section>\n\t\t\t\t<section class=\"ob-is-breaking-bad elementor-section elementor-top-section elementor-element elementor-element-1bd44f4 elementor-section-boxed elementor-section-height-default elementor-section-height-default\" data-id=\"1bd44f4\" data-element_type=\"section\" data-e-type=\"section\" data-settings=\"{&quot;_ob_bbad_use_it&quot;:&quot;yes&quot;,&quot;_ob_bbad_sssic_use&quot;:&quot;no&quot;,&quot;_ob_glider_is_slider&quot;:&quot;no&quot;}\">\n\t\t\t\t\t\t<div class=\"elementor-container elementor-column-gap-default\">\n\t\t\t\t\t<div class=\"elementor-column elementor-col-100 elementor-top-column elementor-element elementor-element-2db26ce\" data-id=\"2db26ce\" data-element_type=\"column\" data-e-type=\"column\" data-settings=\"{&quot;_ob_bbad_is_stalker&quot;:&quot;no&quot;,&quot;_ob_teleporter_use&quot;:false,&quot;_ob_column_hoveranimator&quot;:&quot;no&quot;,&quot;_ob_column_has_pseudo&quot;:&quot;no&quot;}\">\n\t\t\t<div class=\"elementor-widget-wrap elementor-element-populated\">\n\t\t\t\t\t\t<div class=\"elementor-element elementor-element-944d9d4 ob-harakiri-inherit ob-has-background-overlay elementor-widget elementor-widget-heading\" data-id=\"944d9d4\" data-element_type=\"widget\" data-e-type=\"widget\" data-settings=\"{&quot;_ob_use_harakiri&quot;:&quot;yes&quot;,&quot;_ob_harakiri_writing_mode&quot;:&quot;inherit&quot;,&quot;_ob_harakiri_text_clip&quot;:&quot;none&quot;,&quot;_ob_perspektive_use&quot;:&quot;no&quot;,&quot;_ob_poopart_use&quot;:&quot;yes&quot;,&quot;_ob_shadough_use&quot;:&quot;no&quot;,&quot;_ob_allow_hoveranimator&quot;:&quot;no&quot;,&quot;_ob_widget_stalker_use&quot;:&quot;no&quot;}\" data-widget_type=\"heading.default\">\n\t\t\t\t<div class=\"elementor-widget-container\">\n\t\t\t\t\t<h2 class=\"elementor-heading-title elementor-size-default\">Your hosts<\/h2>\t\t\t\t<\/div>\n\t\t\t\t<\/div>\n\t\t\t\t<div class=\"elementor-element elementor-element-3c61b99 ob-harakiri-inherit ob-has-background-overlay elementor-widget elementor-widget-text-editor\" data-id=\"3c61b99\" data-element_type=\"widget\" data-e-type=\"widget\" data-settings=\"{&quot;_ob_use_harakiri&quot;:&quot;yes&quot;,&quot;_ob_harakiri_writing_mode&quot;:&quot;inherit&quot;,&quot;_ob_postman_use&quot;:&quot;no&quot;,&quot;_ob_perspektive_use&quot;:&quot;no&quot;,&quot;_ob_poopart_use&quot;:&quot;yes&quot;,&quot;_ob_shadough_use&quot;:&quot;no&quot;,&quot;_ob_allow_hoveranimator&quot;:&quot;no&quot;,&quot;_ob_widget_stalker_use&quot;:&quot;no&quot;}\" data-widget_type=\"text-editor.default\">\n\t\t\t\t<div class=\"elementor-widget-container\">\n\t\t\t\t\t\t\t\t\t<p><span style=\"color: var( --e-global-color-secondary ); font-family: var( --e-global-typography-fc31997-font-family ), Sans-serif; font-size: var( --e-global-typography-fc31997-font-size ); letter-spacing: var( --e-global-typography-fc31997-letter-spacing ); word-spacing: var( --e-global-typography-fc31997-word-spacing );\">We, Jennifer and Sabrina, are two sisters and native Bavarians who found ourselves in the beautiful \u00d6tztal Valley due to love. In 2021, both of us became mothers for the first time, and we quickly agreed that it was time to reunite the family and bring the grandparents along. Thus, we began our search for a suitable nest and found this beautiful house nestled in the \u00d6tztal Mountains.\u00a0<\/span><\/p><p><span style=\"font-weight: 400;\">We are thrilled that besides our parents' apartment, there are also two additional apartments in the house. Both vacation rentals have been completely renovated and lovingly furnished in alpine design. With enough space for two to six people, there is ample room for relaxation and enjoyment.\u00a0<\/span><\/p><p><span style=\"font-weight: 400;\">Would you like to take a break from everyday life without any time pressure or stress? Then you've come to the right place in our cozy apartments. The Bergnest is located in a quiet yet central location. Whether you are a nature lover or a sports enthusiast, everyone will find something to suit their preferences in the beautiful \u00d6tztal.\u00a0<\/span><\/p><p><span style=\"font-weight: 400;\">Ready for your holiday?<\/span><\/p><p><span style=\"font-weight: 400;\">Then we look forward to welcoming you to the Bergnest!\nAre you in need of a break?\nWe'd be happy to assist you in planning your vacation and finding the perfect apartment for you.<\/span><\/p><p>Jennifer &amp; Sabrina with Family<\/p>\t\t\t\t\t\t\t\t<\/div>\n\t\t\t\t<\/div>\n\t\t\t\t\t<\/div>\n\t\t<\/div>\n\t\t\t\t\t<\/div>\n\t\t<\/section>\n\t\t\t\t<section class=\"ob-is-breaking-bad elementor-section elementor-top-section elementor-element elementor-element-be4effc elementor-section-boxed elementor-section-height-default elementor-section-height-default\" data-id=\"be4effc\" data-element_type=\"section\" data-e-type=\"section\" data-settings=\"{&quot;_ob_bbad_use_it&quot;:&quot;yes&quot;,&quot;_ob_bbad_sssic_use&quot;:&quot;no&quot;,&quot;_ob_glider_is_slider&quot;:&quot;no&quot;}\">\n\t\t\t\t\t\t<div class=\"elementor-container elementor-column-gap-default\">\n\t\t\t\t\t<div class=\"elementor-column elementor-col-25 elementor-top-column elementor-element elementor-element-0a7af51\" data-id=\"0a7af51\" data-element_type=\"column\" data-e-type=\"column\" data-settings=\"{&quot;_ob_bbad_is_stalker&quot;:&quot;no&quot;,&quot;_ob_teleporter_use&quot;:false,&quot;_ob_column_hoveranimator&quot;:&quot;no&quot;,&quot;_ob_column_has_pseudo&quot;:&quot;no&quot;}\">\n\t\t\t<div class=\"elementor-widget-wrap elementor-element-populated\">\n\t\t\t\t\t\t<div class=\"elementor-element elementor-element-74f869e ob-has-background-overlay elementor-widget elementor-widget-image\" data-id=\"74f869e\" data-element_type=\"widget\" data-e-type=\"widget\" data-settings=\"{&quot;_ob_photomorph_use&quot;:&quot;no&quot;,&quot;_ob_perspektive_use&quot;:&quot;no&quot;,&quot;_ob_poopart_use&quot;:&quot;yes&quot;,&quot;_ob_shadough_use&quot;:&quot;no&quot;,&quot;_ob_allow_hoveranimator&quot;:&quot;no&quot;,&quot;_ob_widget_stalker_use&quot;:&quot;no&quot;}\" data-widget_type=\"image.default\">\n\t\t\t\t<div class=\"elementor-widget-container\">\n\t\t\t\t\t\t\t\t\t\t\t\t\t\t\t<img decoding=\"async\" width=\"800\" height=\"534\" src=\"https:\/\/www.bergnest-oetztal.at\/wp-content\/uploads\/2023\/01\/Bergnest-19-1024x683.webp\" class=\"attachment-large size-large wp-image-1211\" alt=\"\" srcset=\"https:\/\/www.bergnest-oetztal.at\/wp-content\/uploads\/2023\/01\/Bergnest-19-1024x683.webp 1024w, https:\/\/www.bergnest-oetztal.at\/wp-content\/uploads\/2023\/01\/Bergnest-19-300x200.webp 300w, https:\/\/www.bergnest-oetztal.at\/wp-content\/uploads\/2023\/01\/Bergnest-19-768x512.webp 768w, https:\/\/www.bergnest-oetztal.at\/wp-content\/uploads\/2023\/01\/Bergnest-19-1536x1024.webp 1536w, https:\/\/www.bergnest-oetztal.at\/wp-content\/uploads\/2023\/01\/Bergnest-19-18x12.webp 18w, https:\/\/www.bergnest-oetztal.at\/wp-content\/uploads\/2023\/01\/Bergnest-19.webp 1920w\" sizes=\"(max-width: 800px) 100vw, 800px\" \/>\t\t\t\t\t\t\t\t\t\t\t\t\t\t\t<\/div>\n\t\t\t\t<\/div>\n\t\t\t\t\t<\/div>\n\t\t<\/div>\n\t\t\t\t<div class=\"elementor-column elementor-col-25 elementor-top-column elementor-element elementor-element-27bc03e\" data-id=\"27bc03e\" data-element_type=\"column\" data-e-type=\"column\" data-settings=\"{&quot;_ob_bbad_is_stalker&quot;:&quot;no&quot;,&quot;_ob_teleporter_use&quot;:false,&quot;_ob_column_hoveranimator&quot;:&quot;no&quot;,&quot;_ob_column_has_pseudo&quot;:&quot;no&quot;}\">\n\t\t\t<div class=\"elementor-widget-wrap elementor-element-populated\">\n\t\t\t\t\t\t<div class=\"elementor-element elementor-element-9e603b4 ob-has-background-overlay elementor-widget elementor-widget-image\" data-id=\"9e603b4\" data-element_type=\"widget\" data-e-type=\"widget\" data-settings=\"{&quot;_ob_photomorph_use&quot;:&quot;no&quot;,&quot;_ob_perspektive_use&quot;:&quot;no&quot;,&quot;_ob_poopart_use&quot;:&quot;yes&quot;,&quot;_ob_shadough_use&quot;:&quot;no&quot;,&quot;_ob_allow_hoveranimator&quot;:&quot;no&quot;,&quot;_ob_widget_stalker_use&quot;:&quot;no&quot;}\" data-widget_type=\"image.default\">\n\t\t\t\t<div class=\"elementor-widget-container\">\n\t\t\t\t\t\t\t\t\t\t\t\t\t\t\t<img decoding=\"async\" width=\"800\" height=\"534\" src=\"https:\/\/www.bergnest-oetztal.at\/wp-content\/uploads\/2023\/01\/Bergnest-45-1024x683.webp\" class=\"attachment-large size-large wp-image-1185\" alt=\"\" srcset=\"https:\/\/www.bergnest-oetztal.at\/wp-content\/uploads\/2023\/01\/Bergnest-45-1024x683.webp 1024w, https:\/\/www.bergnest-oetztal.at\/wp-content\/uploads\/2023\/01\/Bergnest-45-300x200.webp 300w, https:\/\/www.bergnest-oetztal.at\/wp-content\/uploads\/2023\/01\/Bergnest-45-768x512.webp 768w, https:\/\/www.bergnest-oetztal.at\/wp-content\/uploads\/2023\/01\/Bergnest-45-1536x1024.webp 1536w, https:\/\/www.bergnest-oetztal.at\/wp-content\/uploads\/2023\/01\/Bergnest-45-18x12.webp 18w, https:\/\/www.bergnest-oetztal.at\/wp-content\/uploads\/2023\/01\/Bergnest-45.webp 1920w\" sizes=\"(max-width: 800px) 100vw, 800px\" \/>\t\t\t\t\t\t\t\t\t\t\t\t\t\t\t<\/div>\n\t\t\t\t<\/div>\n\t\t\t\t\t<\/div>\n\t\t<\/div>\n\t\t\t\t<div class=\"elementor-column elementor-col-25 elementor-top-column elementor-element elementor-element-3639ec5\" data-id=\"3639ec5\" data-element_type=\"column\" data-e-type=\"column\" data-settings=\"{&quot;_ob_bbad_is_stalker&quot;:&quot;no&quot;,&quot;_ob_teleporter_use&quot;:false,&quot;_ob_column_hoveranimator&quot;:&quot;no&quot;,&quot;_ob_column_has_pseudo&quot;:&quot;no&quot;}\">\n\t\t\t<div class=\"elementor-widget-wrap elementor-element-populated\">\n\t\t\t\t\t\t<div class=\"elementor-element elementor-element-dcd9ab5 ob-has-background-overlay elementor-widget elementor-widget-image\" data-id=\"dcd9ab5\" data-element_type=\"widget\" data-e-type=\"widget\" data-settings=\"{&quot;_ob_photomorph_use&quot;:&quot;no&quot;,&quot;_ob_perspektive_use&quot;:&quot;no&quot;,&quot;_ob_poopart_use&quot;:&quot;yes&quot;,&quot;_ob_shadough_use&quot;:&quot;no&quot;,&quot;_ob_allow_hoveranimator&quot;:&quot;no&quot;,&quot;_ob_widget_stalker_use&quot;:&quot;no&quot;}\" data-widget_type=\"image.default\">\n\t\t\t\t<div class=\"elementor-widget-container\">\n\t\t\t\t\t\t\t\t\t\t\t\t\t\t\t<img loading=\"lazy\" decoding=\"async\" width=\"800\" height=\"534\" src=\"https:\/\/www.bergnest-oetztal.at\/wp-content\/uploads\/2023\/01\/Bergnest-48-1024x683.webp\" class=\"attachment-large size-large wp-image-1182\" alt=\"\" srcset=\"https:\/\/www.bergnest-oetztal.at\/wp-content\/uploads\/2023\/01\/Bergnest-48-1024x683.webp 1024w, https:\/\/www.bergnest-oetztal.at\/wp-content\/uploads\/2023\/01\/Bergnest-48-300x200.webp 300w, https:\/\/www.bergnest-oetztal.at\/wp-content\/uploads\/2023\/01\/Bergnest-48-768x512.webp 768w, https:\/\/www.bergnest-oetztal.at\/wp-content\/uploads\/2023\/01\/Bergnest-48-1536x1024.webp 1536w, https:\/\/www.bergnest-oetztal.at\/wp-content\/uploads\/2023\/01\/Bergnest-48-18x12.webp 18w, https:\/\/www.bergnest-oetztal.at\/wp-content\/uploads\/2023\/01\/Bergnest-48.webp 1920w\" sizes=\"(max-width: 800px) 100vw, 800px\" \/>\t\t\t\t\t\t\t\t\t\t\t\t\t\t\t<\/div>\n\t\t\t\t<\/div>\n\t\t\t\t\t<\/div>\n\t\t<\/div>\n\t\t\t\t<div class=\"elementor-column elementor-col-25 elementor-top-column elementor-element elementor-element-6bee5db\" data-id=\"6bee5db\" data-element_type=\"column\" data-e-type=\"column\" data-settings=\"{&quot;_ob_bbad_is_stalker&quot;:&quot;no&quot;,&quot;_ob_teleporter_use&quot;:false,&quot;_ob_column_hoveranimator&quot;:&quot;no&quot;,&quot;_ob_column_has_pseudo&quot;:&quot;no&quot;}\">\n\t\t\t<div class=\"elementor-widget-wrap elementor-element-populated\">\n\t\t\t\t\t\t<div class=\"elementor-element elementor-element-06e83de ob-has-background-overlay elementor-widget elementor-widget-image\" data-id=\"06e83de\" data-element_type=\"widget\" data-e-type=\"widget\" data-settings=\"{&quot;_ob_photomorph_use&quot;:&quot;no&quot;,&quot;_ob_perspektive_use&quot;:&quot;no&quot;,&quot;_ob_poopart_use&quot;:&quot;yes&quot;,&quot;_ob_shadough_use&quot;:&quot;no&quot;,&quot;_ob_allow_hoveranimator&quot;:&quot;no&quot;,&quot;_ob_widget_stalker_use&quot;:&quot;no&quot;}\" data-widget_type=\"image.default\">\n\t\t\t\t<div class=\"elementor-widget-container\">\n\t\t\t\t\t\t\t\t\t\t\t\t\t\t\t<img loading=\"lazy\" decoding=\"async\" width=\"800\" height=\"534\" src=\"https:\/\/www.bergnest-oetztal.at\/wp-content\/uploads\/2023\/01\/Bergnest-31-1024x683.webp\" class=\"attachment-large size-large wp-image-1199\" alt=\"\" srcset=\"https:\/\/www.bergnest-oetztal.at\/wp-content\/uploads\/2023\/01\/Bergnest-31-1024x683.webp 1024w, https:\/\/www.bergnest-oetztal.at\/wp-content\/uploads\/2023\/01\/Bergnest-31-300x200.webp 300w, https:\/\/www.bergnest-oetztal.at\/wp-content\/uploads\/2023\/01\/Bergnest-31-768x512.webp 768w, https:\/\/www.bergnest-oetztal.at\/wp-content\/uploads\/2023\/01\/Bergnest-31-1536x1024.webp 1536w, https:\/\/www.bergnest-oetztal.at\/wp-content\/uploads\/2023\/01\/Bergnest-31-18x12.webp 18w, https:\/\/www.bergnest-oetztal.at\/wp-content\/uploads\/2023\/01\/Bergnest-31.webp 1920w\" sizes=\"(max-width: 800px) 100vw, 800px\" \/>\t\t\t\t\t\t\t\t\t\t\t\t\t\t\t<\/div>\n\t\t\t\t<\/div>\n\t\t\t\t\t<\/div>\n\t\t<\/div>\n\t\t\t\t\t<\/div>\n\t\t<\/section>\n\t\t\t\t<section class=\"ob-is-breaking-bad elementor-section elementor-top-section elementor-element elementor-element-7c36da1 elementor-section-boxed elementor-section-height-default elementor-section-height-default\" data-id=\"7c36da1\" data-element_type=\"section\" data-e-type=\"section\" data-settings=\"{&quot;_ob_bbad_use_it&quot;:&quot;yes&quot;,&quot;_ob_bbad_sssic_use&quot;:&quot;no&quot;,&quot;_ob_glider_is_slider&quot;:&quot;no&quot;}\">\n\t\t\t\t\t\t<div class=\"elementor-container elementor-column-gap-default\">\n\t\t\t\t\t<div class=\"elementor-column elementor-col-100 elementor-top-column elementor-element elementor-element-562e731\" data-id=\"562e731\" data-element_type=\"column\" data-e-type=\"column\" data-settings=\"{&quot;_ob_bbad_is_stalker&quot;:&quot;no&quot;,&quot;_ob_teleporter_use&quot;:false,&quot;_ob_column_hoveranimator&quot;:&quot;no&quot;,&quot;_ob_column_has_pseudo&quot;:&quot;no&quot;}\">\n\t\t\t<div class=\"elementor-widget-wrap elementor-element-populated\">\n\t\t\t\t\t\t<div class=\"elementor-element elementor-element-027eb85 ob-harakiri-inherit ob-has-background-overlay elementor-widget elementor-widget-heading\" data-id=\"027eb85\" data-element_type=\"widget\" data-e-type=\"widget\" data-settings=\"{&quot;_ob_use_harakiri&quot;:&quot;yes&quot;,&quot;_ob_harakiri_writing_mode&quot;:&quot;inherit&quot;,&quot;_ob_harakiri_text_clip&quot;:&quot;none&quot;,&quot;_ob_perspektive_use&quot;:&quot;no&quot;,&quot;_ob_poopart_use&quot;:&quot;yes&quot;,&quot;_ob_shadough_use&quot;:&quot;no&quot;,&quot;_ob_allow_hoveranimator&quot;:&quot;no&quot;,&quot;_ob_widget_stalker_use&quot;:&quot;no&quot;}\" data-widget_type=\"heading.default\">\n\t\t\t\t<div class=\"elementor-widget-container\">\n\t\t\t\t\t<h2 class=\"elementor-heading-title elementor-size-default\">Unsere Werte &amp; Prinzipien\n<\/h2>\t\t\t\t<\/div>\n\t\t\t\t<\/div>\n\t\t\t\t<div class=\"elementor-element elementor-element-c778888 ob-harakiri-inherit ob-has-background-overlay elementor-widget elementor-widget-text-editor\" data-id=\"c778888\" data-element_type=\"widget\" data-e-type=\"widget\" data-settings=\"{&quot;_ob_use_harakiri&quot;:&quot;yes&quot;,&quot;_ob_harakiri_writing_mode&quot;:&quot;inherit&quot;,&quot;_ob_postman_use&quot;:&quot;no&quot;,&quot;_ob_perspektive_use&quot;:&quot;no&quot;,&quot;_ob_poopart_use&quot;:&quot;yes&quot;,&quot;_ob_shadough_use&quot;:&quot;no&quot;,&quot;_ob_allow_hoveranimator&quot;:&quot;no&quot;,&quot;_ob_widget_stalker_use&quot;:&quot;no&quot;}\" data-widget_type=\"text-editor.default\">\n\t\t\t\t<div class=\"elementor-widget-container\">\n\t\t\t\t\t\t\t\t\t<p><span style=\"font-weight: 400;\">Wir sind darum bem\u00fcht euch s\u00e4mtliche W\u00fcnsche zu erf\u00fcllen und euren Urlaub im \u00d6tztal zu einem unvergesslichen Aufenthalt werden zu lassen. Dazu geh\u00f6rt auch, dass zahlreiche hochwertige Leistungen bereits im Preis inkludiert sind. Erholung bedeutet schlie\u00dflich auch, sich um wenig k\u00fcmmern zu m\u00fcssen. Hier ein \u00dcberblick \u00fcber die Dinge, die euch das Leben bei uns noch sch\u00f6ner machen. <\/span><\/p>\t\t\t\t\t\t\t\t<\/div>\n\t\t\t\t<\/div>\n\t\t\t\t\t<\/div>\n\t\t<\/div>\n\t\t\t\t\t<\/div>\n\t\t<\/section>\n\t\t\t\t<section class=\"ob-is-breaking-bad elementor-section elementor-top-section elementor-element elementor-element-a7e2fd4 elementor-section-boxed elementor-section-height-default elementor-section-height-default\" data-id=\"a7e2fd4\" data-element_type=\"section\" data-e-type=\"section\" data-settings=\"{&quot;_ob_bbad_use_it&quot;:&quot;yes&quot;,&quot;_ob_bbad_sssic_use&quot;:&quot;no&quot;,&quot;_ob_glider_is_slider&quot;:&quot;no&quot;}\">\n\t\t\t\t\t\t<div class=\"elementor-container elementor-column-gap-default\">\n\t\t\t\t\t<div class=\"elementor-column elementor-col-100 elementor-top-column elementor-element elementor-element-e646144\" data-id=\"e646144\" data-element_type=\"column\" data-e-type=\"column\" data-settings=\"{&quot;_ob_bbad_is_stalker&quot;:&quot;no&quot;,&quot;_ob_teleporter_use&quot;:false,&quot;_ob_column_hoveranimator&quot;:&quot;no&quot;,&quot;_ob_column_has_pseudo&quot;:&quot;no&quot;}\">\n\t\t\t<div class=\"elementor-widget-wrap elementor-element-populated\">\n\t\t\t\t\t\t<div class=\"elementor-element elementor-element-b8b856d ob-harakiri-inherit ob-has-background-overlay elementor-widget elementor-widget-heading\" data-id=\"b8b856d\" data-element_type=\"widget\" data-e-type=\"widget\" data-settings=\"{&quot;_ob_use_harakiri&quot;:&quot;yes&quot;,&quot;_ob_harakiri_writing_mode&quot;:&quot;inherit&quot;,&quot;_ob_harakiri_text_clip&quot;:&quot;none&quot;,&quot;_ob_perspektive_use&quot;:&quot;no&quot;,&quot;_ob_poopart_use&quot;:&quot;yes&quot;,&quot;_ob_shadough_use&quot;:&quot;no&quot;,&quot;_ob_allow_hoveranimator&quot;:&quot;no&quot;,&quot;_ob_widget_stalker_use&quot;:&quot;no&quot;}\" data-widget_type=\"heading.default\">\n\t\t\t\t<div class=\"elementor-widget-container\">\n\t\t\t\t\t<h1 class=\"elementor-heading-title elementor-size-default\">Ein Auszug unserer Serviceleistungen<\/h1>\t\t\t\t<\/div>\n\t\t\t\t<\/div>\n\t\t\t\t<div class=\"elementor-element elementor-element-19dad2b ob-harakiri-inherit ob-has-background-overlay elementor-widget elementor-widget-text-editor\" data-id=\"19dad2b\" data-element_type=\"widget\" data-e-type=\"widget\" data-settings=\"{&quot;_ob_use_harakiri&quot;:&quot;yes&quot;,&quot;_ob_harakiri_writing_mode&quot;:&quot;inherit&quot;,&quot;_ob_postman_use&quot;:&quot;no&quot;,&quot;_ob_perspektive_use&quot;:&quot;no&quot;,&quot;_ob_poopart_use&quot;:&quot;yes&quot;,&quot;_ob_shadough_use&quot;:&quot;no&quot;,&quot;_ob_allow_hoveranimator&quot;:&quot;no&quot;,&quot;_ob_widget_stalker_use&quot;:&quot;no&quot;}\" data-widget_type=\"text-editor.default\">\n\t\t\t\t<div class=\"elementor-widget-container\">\n\t\t\t\t\t\t\t\t\t<ul><li style=\"font-weight: 400;\" aria-level=\"1\"><span style=\"font-weight: 400;\">Bread Delivery Service<\/span><\/li><li style=\"font-weight: 400;\" aria-level=\"1\"><span style=\"font-weight: 400;\">Bestpreisgarantie &#8211; bei Buchung auf unserer Homepage<\/span><\/li><li style=\"font-weight: 400;\" aria-level=\"1\"><span style=\"font-weight: 400;\">Kostenloses WLAN im gesamten Appartement<\/span><\/li><li style=\"font-weight: 400;\" aria-level=\"1\"><span style=\"font-weight: 400;\">Kostenlose Parkpl\u00e4tze vor dem Haus nutzbar<\/span><\/li><li style=\"font-weight: 400;\" aria-level=\"1\"><span style=\"font-weight: 400;\">Kostenlose Hochst\u00fchle und Kinderbetten<\/span><\/li><li style=\"font-weight: 400;\" aria-level=\"1\"><span style=\"font-weight: 400;\">SodaStream in jedem Appartement<\/span><\/li><li style=\"font-weight: 400;\" aria-level=\"1\"><span style=\"font-weight: 400;\">Bettw\u00e4sche und Handt\u00fccher<\/span><\/li><li style=\"font-weight: 400;\" aria-level=\"1\"><span style=\"font-weight: 400;\">Hochwertig und voll ausgestattete K\u00fcchen<\/span><\/li><li style=\"font-weight: 400;\" aria-level=\"1\"><span style=\"font-weight: 400;\">und vieles mehr<\/span><\/li><\/ul>\t\t\t\t\t\t\t\t<\/div>\n\t\t\t\t<\/div>\n\t\t\t\t\t<\/div>\n\t\t<\/div>\n\t\t\t\t\t<\/div>\n\t\t<\/section>\n\t\t\t\t<\/div>","protected":false},"excerpt":{"rendered":"<p>Eure Gastgeberinnen Wir, Jennifer und Sabrina, sind zwei Schwestern, geb\u00fcrtige Bayern, die der Liebe wegen zu den Bergen, im sch\u00f6nen \u00d6tztal gelandet sind. Im Jahr 2021 sind wir beide zum ersten Mal Mama geworden und da waren wir uns schnell einig, dass es an der Zeit ist, die Familie wieder zu vereinen und die Gro\u00dfeltern [&hellip;]<\/p>","protected":false},"author":1,"featured_media":0,"parent":17,"menu_order":1,"comment_status":"closed","ping_status":"closed","template":"elementor_header_footer","meta":{"iawp_total_views":163,"footnotes":""},"class_list":["post-52","page","type-page","status-publish","hentry"],"_links":{"self":[{"href":"https:\/\/www.bergnest-oetztal.at\/en\/wp-json\/wp\/v2\/pages\/52","targetHints":{"allow":["GET"]}}],"collection":[{"href":"https:\/\/www.bergnest-oetztal.at\/en\/wp-json\/wp\/v2\/pages"}],"about":[{"href":"https:\/\/www.bergnest-oetztal.at\/en\/wp-json\/wp\/v2\/types\/page"}],"author":[{"embeddable":true,"href":"https:\/\/www.bergnest-oetztal.at\/en\/wp-json\/wp\/v2\/users\/1"}],"replies":[{"embeddable":true,"href":"https:\/\/www.bergnest-oetztal.at\/en\/wp-json\/wp\/v2\/comments?post=52"}],"version-history":[{"count":47,"href":"https:\/\/www.bergnest-oetztal.at\/en\/wp-json\/wp\/v2\/pages\/52\/revisions"}],"predecessor-version":[{"id":1528,"href":"https:\/\/www.bergnest-oetztal.at\/en\/wp-json\/wp\/v2\/pages\/52\/revisions\/1528"}],"up":[{"embeddable":true,"href":"https:\/\/www.bergnest-oetztal.at\/en\/wp-json\/wp\/v2\/pages\/17"}],"wp:attachment":[{"href":"https:\/\/www.bergnest-oetztal.at\/en\/wp-json\/wp\/v2\/media?parent=52"}],"curies":[{"name":"wp","href":"https:\/\/api.w.org\/{rel}","templated":true}]}}