{"id":483,"date":"2022-08-31T15:22:59","date_gmt":"2022-08-31T13:22:59","guid":{"rendered":"https:\/\/www.bergnest-oetztal.at\/?page_id=483"},"modified":"2023-01-10T14:40:45","modified_gmt":"2023-01-10T13:40:45","slug":"accomodation-2","status":"publish","type":"page","link":"https:\/\/www.bergnest-oetztal.at\/en\/the-nest\/accomodation-2\/","title":{"rendered":"Unterkunft"},"content":{"rendered":"<div data-elementor-type=\"wp-page\" data-elementor-id=\"483\" class=\"elementor elementor-483\" data-elementor-post-type=\"page\">\n\t\t\t\t\t\t<section class=\"ob-is-breaking-bad elementor-section elementor-top-section elementor-element elementor-element-41bef34 elementor-section-height-min-height elementor-section-boxed elementor-section-height-default elementor-section-items-middle\" data-id=\"41bef34\" data-element_type=\"section\" data-e-type=\"section\" data-settings=\"{&quot;_ob_bbad_use_it&quot;:&quot;yes&quot;,&quot;_ob_bbad_sssic_use&quot;:&quot;no&quot;,&quot;_ob_glider_is_slider&quot;:&quot;no&quot;}\">\n\t\t\t\t\t\t<div class=\"elementor-container elementor-column-gap-no\">\n\t\t\t\t\t<div class=\"elementor-column elementor-col-100 elementor-top-column elementor-element elementor-element-925f64e\" data-id=\"925f64e\" data-element_type=\"column\" data-e-type=\"column\" data-settings=\"{&quot;_ob_bbad_is_stalker&quot;:&quot;no&quot;,&quot;_ob_teleporter_use&quot;:false,&quot;_ob_column_hoveranimator&quot;:&quot;no&quot;,&quot;_ob_column_has_pseudo&quot;:&quot;no&quot;}\">\n\t\t\t<div class=\"elementor-widget-wrap elementor-element-populated\">\n\t\t\t\t\t\t<div class=\"elementor-element elementor-element-d587de0 ob-has-background-overlay elementor-widget elementor-widget-image\" data-id=\"d587de0\" data-element_type=\"widget\" data-e-type=\"widget\" data-settings=\"{&quot;_ob_photomorph_use&quot;:&quot;no&quot;,&quot;_ob_perspektive_use&quot;:&quot;no&quot;,&quot;_ob_poopart_use&quot;:&quot;yes&quot;,&quot;_ob_shadough_use&quot;:&quot;no&quot;,&quot;_ob_allow_hoveranimator&quot;:&quot;no&quot;,&quot;_ob_widget_stalker_use&quot;:&quot;no&quot;}\" data-widget_type=\"image.default\">\n\t\t\t\t<div class=\"elementor-widget-container\">\n\t\t\t\t\t\t\t\t\t\t\t\t\t\t\t<img fetchpriority=\"high\" decoding=\"async\" width=\"2560\" height=\"1013\" src=\"https:\/\/www.bergnest-oetztal.at\/wp-content\/uploads\/2023\/01\/Bergnest.Oetztal.Unterkunft.webp\" class=\"attachment-full size-full wp-image-1238\" alt=\"\" srcset=\"https:\/\/www.bergnest-oetztal.at\/wp-content\/uploads\/2023\/01\/Bergnest.Oetztal.Unterkunft.webp 2560w, https:\/\/www.bergnest-oetztal.at\/wp-content\/uploads\/2023\/01\/Bergnest.Oetztal.Unterkunft-300x119.webp 300w, https:\/\/www.bergnest-oetztal.at\/wp-content\/uploads\/2023\/01\/Bergnest.Oetztal.Unterkunft-1024x405.webp 1024w, https:\/\/www.bergnest-oetztal.at\/wp-content\/uploads\/2023\/01\/Bergnest.Oetztal.Unterkunft-768x304.webp 768w, https:\/\/www.bergnest-oetztal.at\/wp-content\/uploads\/2023\/01\/Bergnest.Oetztal.Unterkunft-1536x608.webp 1536w, https:\/\/www.bergnest-oetztal.at\/wp-content\/uploads\/2023\/01\/Bergnest.Oetztal.Unterkunft-2048x810.webp 2048w, https:\/\/www.bergnest-oetztal.at\/wp-content\/uploads\/2023\/01\/Bergnest.Oetztal.Unterkunft-18x7.webp 18w\" sizes=\"(max-width: 2560px) 100vw, 2560px\" \/>\t\t\t\t\t\t\t\t\t\t\t\t\t\t\t<\/div>\n\t\t\t\t<\/div>\n\t\t\t\t\t<\/div>\n\t\t<\/div>\n\t\t\t\t\t<\/div>\n\t\t<\/section>\n\t\t\t\t<section class=\"ob-is-breaking-bad elementor-section elementor-top-section elementor-element elementor-element-4d59e24 elementor-section-boxed elementor-section-height-default elementor-section-height-default\" data-id=\"4d59e24\" data-element_type=\"section\" data-e-type=\"section\" data-settings=\"{&quot;_ob_bbad_use_it&quot;:&quot;yes&quot;,&quot;_ob_bbad_sssic_use&quot;:&quot;no&quot;,&quot;_ob_glider_is_slider&quot;:&quot;no&quot;}\">\n\t\t\t\t\t\t<div class=\"elementor-container elementor-column-gap-default\">\n\t\t\t\t\t<div class=\"elementor-column elementor-col-100 elementor-top-column elementor-element elementor-element-b0acb28\" data-id=\"b0acb28\" data-element_type=\"column\" data-e-type=\"column\" data-settings=\"{&quot;_ob_bbad_is_stalker&quot;:&quot;no&quot;,&quot;_ob_teleporter_use&quot;:false,&quot;_ob_column_hoveranimator&quot;:&quot;no&quot;,&quot;_ob_column_has_pseudo&quot;:&quot;no&quot;}\">\n\t\t\t<div class=\"elementor-widget-wrap elementor-element-populated\">\n\t\t\t\t\t\t<div class=\"elementor-element elementor-element-28f75fa ob-harakiri-inherit ob-has-background-overlay elementor-widget elementor-widget-heading\" data-id=\"28f75fa\" data-element_type=\"widget\" data-e-type=\"widget\" data-settings=\"{&quot;_ob_use_harakiri&quot;:&quot;yes&quot;,&quot;_ob_harakiri_writing_mode&quot;:&quot;inherit&quot;,&quot;_ob_harakiri_text_clip&quot;:&quot;none&quot;,&quot;_ob_perspektive_use&quot;:&quot;no&quot;,&quot;_ob_poopart_use&quot;:&quot;yes&quot;,&quot;_ob_shadough_use&quot;:&quot;no&quot;,&quot;_ob_allow_hoveranimator&quot;:&quot;no&quot;,&quot;_ob_widget_stalker_use&quot;:&quot;no&quot;}\" data-widget_type=\"heading.default\">\n\t\t\t\t<div class=\"elementor-widget-container\">\n\t\t\t\t\t<h1 class=\"elementor-heading-title elementor-size-default\">Bergnest \u00d6tztal<\/h1>\t\t\t\t<\/div>\n\t\t\t\t<\/div>\n\t\t\t\t<div class=\"elementor-element elementor-element-3fcf114 ob-harakiri-inherit ob-has-background-overlay elementor-widget elementor-widget-heading\" data-id=\"3fcf114\" data-element_type=\"widget\" data-e-type=\"widget\" data-settings=\"{&quot;_ob_use_harakiri&quot;:&quot;yes&quot;,&quot;_ob_harakiri_writing_mode&quot;:&quot;inherit&quot;,&quot;_ob_harakiri_text_clip&quot;:&quot;none&quot;,&quot;_ob_perspektive_use&quot;:&quot;no&quot;,&quot;_ob_poopart_use&quot;:&quot;yes&quot;,&quot;_ob_shadough_use&quot;:&quot;no&quot;,&quot;_ob_allow_hoveranimator&quot;:&quot;no&quot;,&quot;_ob_widget_stalker_use&quot;:&quot;no&quot;}\" data-widget_type=\"heading.default\">\n\t\t\t\t<div class=\"elementor-widget-container\">\n\t\t\t\t\t<h1 class=\"elementor-heading-title elementor-size-default\">Erstklassig &amp; down to Earth<\/h1>\t\t\t\t<\/div>\n\t\t\t\t<\/div>\n\t\t\t\t<div class=\"elementor-element elementor-element-9ce8bb1 ob-harakiri-inherit ob-has-background-overlay elementor-widget elementor-widget-text-editor\" data-id=\"9ce8bb1\" data-element_type=\"widget\" data-e-type=\"widget\" data-settings=\"{&quot;_ob_use_harakiri&quot;:&quot;yes&quot;,&quot;_ob_harakiri_writing_mode&quot;:&quot;inherit&quot;,&quot;_ob_postman_use&quot;:&quot;no&quot;,&quot;_ob_perspektive_use&quot;:&quot;no&quot;,&quot;_ob_poopart_use&quot;:&quot;yes&quot;,&quot;_ob_shadough_use&quot;:&quot;no&quot;,&quot;_ob_allow_hoveranimator&quot;:&quot;no&quot;,&quot;_ob_widget_stalker_use&quot;:&quot;no&quot;}\" data-widget_type=\"text-editor.default\">\n\t\t\t\t<div class=\"elementor-widget-container\">\n\t\t\t\t\t\t\t\t\t<p><span style=\"font-weight: 400;\">Das Bergnest befindet sich in der Tiroler Gemeinde Umhausen im sch\u00f6nen \u00d6tztal, auf einer Seeh\u00f6he von 1.036 Meter. Umhausen liegt in der Mitte des \u00d6tztals und bietet sich aus diesem Grund hervorragend als Ausgangspunkt f\u00fcr viele Abenteuer an. Dieses \u201eTal der unbegrenzten M\u00f6glichkeiten\u201c bietet euch einen unvergesslichen Urlaub. Ob Natur-, oder Sportliebhaber, im sch\u00f6nen \u00d6tztal kommen alle auf ihre Kosten. Der Stolz Umhausens ist der gr\u00f6\u00dfte Wasserfalls Tirols, der Stuibenfall, mit einer Fallh\u00f6he von 159 m.\u00a0<\/span><\/p><p><span style=\"font-weight: 400;\">Im Bergnest gibt es neben der Wohnung unserer Eltern noch zwei Appartements. Die beiden Ferienwohnungen wurden komplett saniert und mit viel Liebe im Alpinen Design ausgestattet. Es finden zwei bis sechs Personen ausreichend Platz zum Entspannen und Genie\u00dfen.<\/span><\/p>\t\t\t\t\t\t\t\t<\/div>\n\t\t\t\t<\/div>\n\t\t\t\t\t<\/div>\n\t\t<\/div>\n\t\t\t\t\t<\/div>\n\t\t<\/section>\n\t\t\t\t<\/div>","protected":false},"excerpt":{"rendered":"<p>Bergnest \u00d6tztal Erstklassig &#038; down to Earth Das Bergnest befindet sich in der Tiroler Gemeinde Umhausen im sch\u00f6nen \u00d6tztal, auf einer Seeh\u00f6he von 1.036 Meter. Umhausen liegt in der Mitte des \u00d6tztals und bietet sich aus diesem Grund hervorragend als Ausgangspunkt f\u00fcr viele Abenteuer an. Dieses \u201eTal der unbegrenzten M\u00f6glichkeiten\u201c bietet euch einen unvergesslichen Urlaub. [&hellip;]<\/p>","protected":false},"author":1,"featured_media":0,"parent":17,"menu_order":3,"comment_status":"closed","ping_status":"closed","template":"elementor_header_footer","meta":{"iawp_total_views":41,"footnotes":""},"class_list":["post-483","page","type-page","status-publish","hentry"],"_links":{"self":[{"href":"https:\/\/www.bergnest-oetztal.at\/en\/wp-json\/wp\/v2\/pages\/483","targetHints":{"allow":["GET"]}}],"collection":[{"href":"https:\/\/www.bergnest-oetztal.at\/en\/wp-json\/wp\/v2\/pages"}],"about":[{"href":"https:\/\/www.bergnest-oetztal.at\/en\/wp-json\/wp\/v2\/types\/page"}],"author":[{"embeddable":true,"href":"https:\/\/www.bergnest-oetztal.at\/en\/wp-json\/wp\/v2\/users\/1"}],"replies":[{"embeddable":true,"href":"https:\/\/www.bergnest-oetztal.at\/en\/wp-json\/wp\/v2\/comments?post=483"}],"version-history":[{"count":16,"href":"https:\/\/www.bergnest-oetztal.at\/en\/wp-json\/wp\/v2\/pages\/483\/revisions"}],"predecessor-version":[{"id":1241,"href":"https:\/\/www.bergnest-oetztal.at\/en\/wp-json\/wp\/v2\/pages\/483\/revisions\/1241"}],"up":[{"embeddable":true,"href":"https:\/\/www.bergnest-oetztal.at\/en\/wp-json\/wp\/v2\/pages\/17"}],"wp:attachment":[{"href":"https:\/\/www.bergnest-oetztal.at\/en\/wp-json\/wp\/v2\/media?parent=483"}],"curies":[{"name":"wp","href":"https:\/\/api.w.org\/{rel}","templated":true}]}}