{"id":31,"date":"2022-08-30T09:52:48","date_gmt":"2022-08-30T07:52:48","guid":{"rendered":"http:\/\/www.bergnest-oetztal.at\/?page_id=31"},"modified":"2023-07-31T22:46:42","modified_gmt":"2023-07-31T20:46:42","slug":"holiday-in-the-oetztal","status":"publish","type":"page","link":"https:\/\/www.bergnest-oetztal.at\/en\/holiday-in-the-oetztal\/","title":{"rendered":"Holiday in the Oetztal"},"content":{"rendered":"<div data-elementor-type=\"wp-page\" data-elementor-id=\"31\" class=\"elementor elementor-31\" data-elementor-post-type=\"page\">\n\t\t\t\t\t\t<section class=\"ob-is-breaking-bad elementor-section elementor-top-section elementor-element elementor-element-713d48a elementor-section-boxed elementor-section-height-default elementor-section-height-default\" data-id=\"713d48a\" data-element_type=\"section\" data-e-type=\"section\" data-settings=\"{&quot;_ob_bbad_use_it&quot;:&quot;yes&quot;,&quot;_ob_bbad_sssic_use&quot;:&quot;no&quot;,&quot;_ob_glider_is_slider&quot;:&quot;no&quot;}\">\n\t\t\t\t\t\t<div class=\"elementor-container elementor-column-gap-default\">\n\t\t\t\t\t<div class=\"elementor-column elementor-col-100 elementor-top-column elementor-element elementor-element-3db82f8\" data-id=\"3db82f8\" data-element_type=\"column\" data-e-type=\"column\" data-settings=\"{&quot;_ob_bbad_is_stalker&quot;:&quot;no&quot;,&quot;_ob_teleporter_use&quot;:false,&quot;_ob_column_hoveranimator&quot;:&quot;no&quot;,&quot;_ob_column_has_pseudo&quot;:&quot;no&quot;}\">\n\t\t\t<div class=\"elementor-widget-wrap elementor-element-populated\">\n\t\t\t\t\t\t<div class=\"elementor-element elementor-element-2d815be ob-harakiri-inherit ob-has-background-overlay elementor-widget elementor-widget-text-editor\" data-id=\"2d815be\" data-element_type=\"widget\" data-e-type=\"widget\" data-settings=\"{&quot;_ob_use_harakiri&quot;:&quot;yes&quot;,&quot;_ob_harakiri_writing_mode&quot;:&quot;inherit&quot;,&quot;_ob_postman_use&quot;:&quot;no&quot;,&quot;_ob_perspektive_use&quot;:&quot;no&quot;,&quot;_ob_poopart_use&quot;:&quot;yes&quot;,&quot;_ob_shadough_use&quot;:&quot;no&quot;,&quot;_ob_allow_hoveranimator&quot;:&quot;no&quot;,&quot;_ob_widget_stalker_use&quot;:&quot;no&quot;}\" data-widget_type=\"text-editor.default\">\n\t\t\t\t<div class=\"elementor-widget-container\">\n\t\t\t\t\t\t\t\t\t<p>Das Bergnest befindet sich in der Tiroler Gemeinde Umhausen im sch\u00f6nen \u00d6tztal, auf einer Seeh\u00f6he von 1.036 Meter. Umhausen liegt in der Mitte des \u00d6tztals und bietet sich aus diesem Grund hervorragend als Ausgangspunkt f\u00fcr viele Abenteuer an. Dieses \u201eTal der unbegrenzten M\u00f6glichkeiten\u201c bietet euch einen unvergesslichen Urlaub. Ob Natur-, oder Sportliebhaber, im sch\u00f6nen \u00d6tztal kommen alle auf ihre Kosten. Der Stolz Umhausens ist der gr\u00f6\u00dfte Wasserfalls Tirols, der Stuibenfall, mit einer Fallh\u00f6he von 159 m.\u00a0<\/p><p>Ready for your holiday?<\/p><p>Then we look forward to welcoming you to the Bergnest!\nAre you in need of a break?\nWe'd be happy to assist you in planning your vacation and finding the perfect apartment for you.<\/p>\t\t\t\t\t\t\t\t<\/div>\n\t\t\t\t<\/div>\n\t\t\t\t\t<\/div>\n\t\t<\/div>\n\t\t\t\t\t<\/div>\n\t\t<\/section>\n\t\t\t\t<\/div>","protected":false},"excerpt":{"rendered":"<p>Das Bergnest befindet sich in der Tiroler Gemeinde Umhausen im sch\u00f6nen \u00d6tztal, auf einer Seeh\u00f6he von 1.036 Meter. Umhausen liegt in der Mitte des \u00d6tztals und bietet sich aus diesem Grund hervorragend als Ausgangspunkt f\u00fcr viele Abenteuer an. Dieses \u201eTal der unbegrenzten M\u00f6glichkeiten\u201c bietet euch einen unvergesslichen Urlaub. Ob Natur-, oder Sportliebhaber, im sch\u00f6nen \u00d6tztal [&hellip;]<\/p>","protected":false},"author":1,"featured_media":0,"parent":0,"menu_order":7,"comment_status":"closed","ping_status":"closed","template":"elementor_header_footer","meta":{"iawp_total_views":1,"footnotes":""},"class_list":["post-31","page","type-page","status-publish","hentry"],"_links":{"self":[{"href":"https:\/\/www.bergnest-oetztal.at\/en\/wp-json\/wp\/v2\/pages\/31","targetHints":{"allow":["GET"]}}],"collection":[{"href":"https:\/\/www.bergnest-oetztal.at\/en\/wp-json\/wp\/v2\/pages"}],"about":[{"href":"https:\/\/www.bergnest-oetztal.at\/en\/wp-json\/wp\/v2\/types\/page"}],"author":[{"embeddable":true,"href":"https:\/\/www.bergnest-oetztal.at\/en\/wp-json\/wp\/v2\/users\/1"}],"replies":[{"embeddable":true,"href":"https:\/\/www.bergnest-oetztal.at\/en\/wp-json\/wp\/v2\/comments?post=31"}],"version-history":[{"count":7,"href":"https:\/\/www.bergnest-oetztal.at\/en\/wp-json\/wp\/v2\/pages\/31\/revisions"}],"predecessor-version":[{"id":1489,"href":"https:\/\/www.bergnest-oetztal.at\/en\/wp-json\/wp\/v2\/pages\/31\/revisions\/1489"}],"wp:attachment":[{"href":"https:\/\/www.bergnest-oetztal.at\/en\/wp-json\/wp\/v2\/media?parent=31"}],"curies":[{"name":"wp","href":"https:\/\/api.w.org\/{rel}","templated":true}]}}